{"id":3,"date":"2020-06-08T09:00:19","date_gmt":"2020-06-08T07:00:19","guid":{"rendered":"http:\/\/brqpuzl.cluster028.hosting.ovh.net\/?page_id=3"},"modified":"2020-06-18T20:12:38","modified_gmt":"2020-06-18T18:12:38","slug":"privacy-policy","status":"publish","type":"page","link":"https:\/\/www.fersistemsrl.com\/index.php\/privacy-policy\/","title":{"rendered":"Privacy Policy"},"content":{"rendered":"\r\n\r\n\r\n<p>L&#8217;indirizzo del nostro sito web \u00e8: www.fersistemsrl.com<\/p>\r\n\r\n\r\n\r\n<h2 class=\"wp-block-heading\">Utilizzo dei dati personali<\/h2>\r\n\r\n\r\n\r\n<p>Moduli di contatto<br \/>Cookies<\/p>\r\n<p>Se pubblichi un commento sul nostro sito, ti verr\u00e0 offerto di salvare il tuo nome, indirizzo e-mail e sito Web nei cookie. \u00c8 solo per tua comodit\u00e0, in modo da non dover inserire queste informazioni se pubblichi un altro commento in seguito. Questi cookie scadono dopo un anno.<\/p>\r\n<p>Se hai un account e accedi a questo sito, verr\u00e0 creato un cookie temporaneo per determinare se il tuo browser accetta i cookie. Non contiene dati personali e verr\u00e0 eliminato automaticamente alla chiusura del browser.<\/p>\r\n<p>Quando accedi, imposteremo un numero di cookie per memorizzare le informazioni di accesso e le preferenze dello schermo. La durata di un cookie di accesso \u00e8 di due giorni, quella di un cookie di opzione schermo \u00e8 di un anno. Se selezioni &#8220;Ricordami&#8221;, il cookie di accesso verr\u00e0 conservato per due settimane. Se esci dal tuo account, il cookie di accesso verr\u00e0 eliminato.<\/p>\r\n<p>Modificando o pubblicando una pubblicazione, un cookie aggiuntivo verr\u00e0 salvato nel tuo browser. Questo cookie non include alcun dato personale. Dice solo l&#8217;ID del post che hai appena modificato. Scade dopo un giorno.<\/p>\r\n<p>Contenuto incorporato da altri siti<\/p>\r\n<p>Gli articoli su questo sito possono includere contenuti integrati (ad esempio video, immagini, articoli, ecc.). Il contenuto incorporato da altri siti si comporta come se il visitatore passasse a quell&#8217;altro sito.<\/p>\r\n<p>Questi siti Web potrebbero raccogliere dati su di te, utilizzare cookie, incorporare strumenti di tracciamento di terze parti, tenere traccia delle tue interazioni con questo contenuto incorporato se disponi di un account collegato al loro sito Web.<\/p>\r\n<p>Metriche e metriche del pubblico<br \/>Uso e trasmissione dei dati personali<br \/>Periodi di conservazione dei dati<\/p>\r\n<p>Se si lascia un commento, il commento e i relativi metadati vengono conservati indefinitamente. Ci\u00f2 riconosce e approva automaticamente i seguenti commenti invece di lasciarli nella coda di moderazione.<\/p>\r\n<p>Per gli utenti che si registrano sul nostro sito (se possibile), memorizziamo anche i dati personali indicati nel loro profilo. Tutti gli utenti possono visualizzare, modificare o eliminare le loro informazioni personali in qualsiasi momento (tranne il loro nome utente \u00b7 ghiaccio). I gestori del sito possono anche visualizzare e modificare queste informazioni.<\/p>\r\n<p>I diritti che hai sui tuoi dati<\/p>\r\n<p>Se hai un account o se hai lasciato commenti sul sito, puoi richiedere di ricevere un file contenente tutti i dati personali che abbiamo su di te, compresi quelli che ci hai fornito. Puoi anche richiedere la cancellazione dei dati personali che ti riguardano. Ci\u00f2 non tiene conto dei dati memorizzati per motivi amministrativi, legali o di sicurezza.<\/p>\r\n<p>Trasmissione dei dati personali<\/p>\r\n<p>I commenti dei visitatori possono essere verificati utilizzando un servizio di rilevamento automatico dello spam.<\/p>\r\n<p>Informazioni sui contatti<br \/>Informazioni aggiuntive<br \/>Come proteggiamo i tuoi dati<br \/>Procedure implementate in caso di perdita di dati<br \/>Servizi di terze parti che ci trasmettono dati<br \/>Operazioni automatizzate di marketing e \/ o profilazione effettuate utilizzando dati personali<br \/>Visualizzazione di informazioni relative a settori soggetti a normative specifiche<\/p>\r\n<p>&nbsp;<\/p>\r\n<p>&nbsp;<\/p>\r\n<p>&nbsp;<\/p>\r\n","protected":false},"excerpt":{"rendered":"<p>L&#8217;indirizzo del nostro sito web \u00e8: www.fersistemsrl.com Utilizzo dei dati personali Moduli di contattoCookies Se pubblichi un commento sul nostro sito, ti verr\u00e0 offerto di salvare il tuo nome, indirizzo e-mail e sito Web nei cookie. \u00c8 solo per tua comodit\u00e0, in modo da non dover inserire queste informazioni se pubblichi un altro commento in [&hellip;]<\/p>\n","protected":false},"author":1,"featured_media":0,"parent":0,"menu_order":0,"comment_status":"closed","ping_status":"open","template":"","meta":{"_et_pb_use_builder":"","_et_pb_old_content":"","_et_gb_content_width":"","footnotes":""},"jetpack_sharing_enabled":true,"_links":{"self":[{"href":"https:\/\/www.fersistemsrl.com\/index.php\/wp-json\/wp\/v2\/pages\/3"}],"collection":[{"href":"https:\/\/www.fersistemsrl.com\/index.php\/wp-json\/wp\/v2\/pages"}],"about":[{"href":"https:\/\/www.fersistemsrl.com\/index.php\/wp-json\/wp\/v2\/types\/page"}],"author":[{"embeddable":true,"href":"https:\/\/www.fersistemsrl.com\/index.php\/wp-json\/wp\/v2\/users\/1"}],"replies":[{"embeddable":true,"href":"https:\/\/www.fersistemsrl.com\/index.php\/wp-json\/wp\/v2\/comments?post=3"}],"version-history":[{"count":4,"href":"https:\/\/www.fersistemsrl.com\/index.php\/wp-json\/wp\/v2\/pages\/3\/revisions"}],"predecessor-version":[{"id":155,"href":"https:\/\/www.fersistemsrl.com\/index.php\/wp-json\/wp\/v2\/pages\/3\/revisions\/155"}],"wp:attachment":[{"href":"https:\/\/www.fersistemsrl.com\/index.php\/wp-json\/wp\/v2\/media?parent=3"}],"curies":[{"name":"wp","href":"https:\/\/api.w.org\/{rel}","templated":true}]}}